{"id":263,"date":"2021-04-20T18:10:33","date_gmt":"2021-04-20T21:10:33","guid":{"rendered":"http:\/\/sanchezjoanteguy.com.ar\/?page_id=263"},"modified":"2021-05-11T16:32:00","modified_gmt":"2021-05-11T19:32:00","slug":"quienes-somos","status":"publish","type":"page","link":"https:\/\/sanchezjoanteguy.com.ar\/?page_id=263","title":{"rendered":"Quienes Somos"},"content":{"rendered":"\t\t<div data-elementor-type=\"wp-page\" data-elementor-id=\"263\" class=\"elementor elementor-263\" data-elementor-post-type=\"page\">\n\t\t\t\t\t\t<section class=\"elementor-section elementor-top-section elementor-element elementor-element-a691694 elementor-section-boxed elementor-section-height-default elementor-section-height-default\" data-id=\"a691694\" data-element_type=\"section\">\n\t\t\t\t\t\t<div class=\"elementor-container elementor-column-gap-default\">\n\t\t\t\t\t<div class=\"elementor-column elementor-col-100 elementor-top-column elementor-element elementor-element-a0f21f5\" data-id=\"a0f21f5\" data-element_type=\"column\">\n\t\t\t<div class=\"elementor-widget-wrap elementor-element-populated\">\n\t\t\t\t\t\t<div class=\"elementor-element elementor-element-708784e elementor-widget elementor-widget-text-editor\" data-id=\"708784e\" data-element_type=\"widget\" data-widget_type=\"text-editor.default\">\n\t\t\t\t<div class=\"elementor-widget-container\">\n\t\t\t\t\t\t\t\t\t<p>Somos una empresa con m\u00e1s de 10 a\u00f1os de trayectoria en el sector, con una amplia oferta de propiedades a nivel local y en diferentes zonas de nuestro pa\u00eds.<\/p><p>S\u00e1nchez Joanteguy fue creada por Susana E. Joanteguy, mujer apasionada por los desaf\u00edos, que en sus inicios se focaliz\u00f3 en la compra venta de inmuebles urbanos, pero que a lo largo del tiempo se fortaleci\u00f3 en la concreci\u00f3n de negocios rurales; somos productores agropecuarios los que nos permite entender cada momento que atraviesa el sector y asesorar de manera efectiva a nuestros clientes.\u00a0Atendemos siempre a los requerimientos de nuestros clientes con la eficiencia que nuestro lugar de intermediarios requiere.<\/p><p>Desde el a\u00f1o 2016 estamos asociados con una alta red de Inmobiliarias Rurales, C.A.I.R., lo que nos permite desarrollar esquemas de negocios en todo el territorio de nuestro pa\u00eds, conservando siempre la calidad que por nuestro servicio se espera.<\/p>\t\t\t\t\t\t\t\t<\/div>\n\t\t\t\t<\/div>\n\t\t\t\t\t<\/div>\n\t\t<\/div>\n\t\t\t\t\t<\/div>\n\t\t<\/section>\n\t\t\t\t<section class=\"elementor-section elementor-top-section elementor-element elementor-element-1f5b061 elementor-section-boxed elementor-section-height-default elementor-section-height-default\" data-id=\"1f5b061\" data-element_type=\"section\">\n\t\t\t\t\t\t<div class=\"elementor-container elementor-column-gap-default\">\n\t\t\t\t\t<div class=\"elementor-column elementor-col-33 elementor-top-column elementor-element elementor-element-d645eb0\" data-id=\"d645eb0\" data-element_type=\"column\">\n\t\t\t<div class=\"elementor-widget-wrap elementor-element-populated\">\n\t\t\t\t\t\t<div class=\"elementor-element elementor-element-0f1031c elementor-widget elementor-widget-text-editor\" data-id=\"0f1031c\" data-element_type=\"widget\" data-widget_type=\"text-editor.default\">\n\t\t\t\t<div class=\"elementor-widget-container\">\n\t\t\t\t\t\t\t\t\t<h3>Visi\u00f3n<\/h3><p>Apuntamos a convertirnos en asesores regionales especializados en la compra venta de campos.<\/p><p>Creemos en el di\u00e1logo con nuestros clientes interpretando sus necesidades y desarrollando estrategias para su crecimiento y la concreci\u00f3n de los negocios que nos conf\u00edan.<\/p>\t\t\t\t\t\t\t\t<\/div>\n\t\t\t\t<\/div>\n\t\t\t\t\t<\/div>\n\t\t<\/div>\n\t\t\t\t<div class=\"elementor-column elementor-col-33 elementor-top-column elementor-element elementor-element-cef9bc0\" data-id=\"cef9bc0\" data-element_type=\"column\">\n\t\t\t<div class=\"elementor-widget-wrap elementor-element-populated\">\n\t\t\t\t\t\t<div class=\"elementor-element elementor-element-6aa6468 elementor-widget elementor-widget-text-editor\" data-id=\"6aa6468\" data-element_type=\"widget\" data-widget_type=\"text-editor.default\">\n\t\t\t\t<div class=\"elementor-widget-container\">\n\t\t\t\t\t\t\t\t\t<h3>Misi\u00f3n<\/h3><p>Evaluar y comprender criteriosamente los objetivos de cada operaci\u00f3n, generado un espacio de confianza con el cliente que pueda perdurar en el tiempo.<\/p><p>Desarrollar todas las estrategias necesarias, elaborando detallados informes, generando as\u00ed canales eficientes de comercializaci\u00f3n hasta la concreci\u00f3n efectiva de las transacciones.<\/p>\t\t\t\t\t\t\t\t<\/div>\n\t\t\t\t<\/div>\n\t\t\t\t\t<\/div>\n\t\t<\/div>\n\t\t\t\t<div class=\"elementor-column elementor-col-33 elementor-top-column elementor-element elementor-element-26a81c7\" data-id=\"26a81c7\" data-element_type=\"column\">\n\t\t\t<div class=\"elementor-widget-wrap elementor-element-populated\">\n\t\t\t\t\t\t<div class=\"elementor-element elementor-element-d476b56 elementor-widget elementor-widget-text-editor\" data-id=\"d476b56\" data-element_type=\"widget\" data-widget_type=\"text-editor.default\">\n\t\t\t\t<div class=\"elementor-widget-container\">\n\t\t\t\t\t\t\t\t\t<h3>Valores<\/h3><p>Compromiso<br \/>Confianza<br \/>Seriedad<br \/>Confidencialidad <br \/>Responsabilidad<\/p>\t\t\t\t\t\t\t\t<\/div>\n\t\t\t\t<\/div>\n\t\t\t\t\t<\/div>\n\t\t<\/div>\n\t\t\t\t\t<\/div>\n\t\t<\/section>\n\t\t\t\t<\/div>\n\t\t","protected":false},"excerpt":{"rendered":"<p>Somos una empresa con m\u00e1s de 10 a\u00f1os de trayectoria en el sector, con una amplia oferta de propiedades a nivel local y en diferentes zonas de nuestro pa\u00eds. S\u00e1nchez Joanteguy fue creada por Susana E. Joanteguy, mujer apasionada por los desaf\u00edos, que en sus inicios se focaliz\u00f3 en la compra venta de inmuebles urbanos,&#8230;<\/p>\n","protected":false},"author":1,"featured_media":0,"parent":0,"menu_order":0,"comment_status":"closed","ping_status":"closed","template":"","meta":{"_monsterinsights_skip_tracking":false,"_monsterinsights_sitenote_active":false,"_monsterinsights_sitenote_note":"","_monsterinsights_sitenote_category":0,"footnotes":""},"class_list":["post-263","page","type-page","status-publish","hentry"],"aioseo_notices":[],"jetpack_sharing_enabled":true,"_links":{"self":[{"href":"https:\/\/sanchezjoanteguy.com.ar\/index.php?rest_route=\/wp\/v2\/pages\/263","targetHints":{"allow":["GET"]}}],"collection":[{"href":"https:\/\/sanchezjoanteguy.com.ar\/index.php?rest_route=\/wp\/v2\/pages"}],"about":[{"href":"https:\/\/sanchezjoanteguy.com.ar\/index.php?rest_route=\/wp\/v2\/types\/page"}],"author":[{"embeddable":true,"href":"https:\/\/sanchezjoanteguy.com.ar\/index.php?rest_route=\/wp\/v2\/users\/1"}],"replies":[{"embeddable":true,"href":"https:\/\/sanchezjoanteguy.com.ar\/index.php?rest_route=%2Fwp%2Fv2%2Fcomments&post=263"}],"version-history":[{"count":12,"href":"https:\/\/sanchezjoanteguy.com.ar\/index.php?rest_route=\/wp\/v2\/pages\/263\/revisions"}],"predecessor-version":[{"id":721,"href":"https:\/\/sanchezjoanteguy.com.ar\/index.php?rest_route=\/wp\/v2\/pages\/263\/revisions\/721"}],"wp:attachment":[{"href":"https:\/\/sanchezjoanteguy.com.ar\/index.php?rest_route=%2Fwp%2Fv2%2Fmedia&parent=263"}],"curies":[{"name":"wp","href":"https:\/\/api.w.org\/{rel}","templated":true}]}}